{"id":421,"date":"2021-03-03T18:09:48","date_gmt":"2021-03-03T18:09:48","guid":{"rendered":"https:\/\/tvz.mr\/fr\/?page_id=421"},"modified":"2021-03-03T18:15:30","modified_gmt":"2021-03-03T18:15:30","slug":"services","status":"publish","type":"page","link":"https:\/\/tvz.mr\/fr\/services","title":{"rendered":"Services"},"content":{"rendered":"<ul>\n<li>Services Administratifs\n<ul>\n<li><em>R\u00e9sidence <\/em><\/li>\n<li><em>Non mariage <\/em><\/li>\n<li><em>Indigence<\/em><\/li>\n<li><em>Individualit\u00e9<\/em><\/li>\n<\/ul>\n<\/li>\n<li>Autorisations\n<ul>\n<li><em>Autorisation de construire <\/em><\/li>\n<li><em>Occupation du domaine public <\/em><\/li>\n<li><em>Ouverture d&rsquo;une activit\u00e9 commerciale <\/em><\/li>\n<\/ul>\n<\/li>\n<li>Services de sant\u00e9<\/li>\n<li>Services Techniques\n<ul>\n<li>Adressage<\/li>\n<li>Etude techniques<\/li>\n<li>Annonces et appels d&rsquo;offres<\/li>\n<\/ul>\n<\/li>\n<\/ul>\n<p>R\u00e9clamations et suggestions<\/p>\n","protected":false},"excerpt":{"rendered":"<p>Services Administratifs R\u00e9sidence Non mariage Indigence Individualit\u00e9 Autorisations Autorisation de construire Occupation du domaine public Ouverture d&rsquo;une activit\u00e9 commerciale Services de sant\u00e9 Services Techniques Adressage Etude techniques Annonces et appels d&rsquo;offres R\u00e9clamations et suggestions<\/p>\n","protected":false},"author":1,"featured_media":0,"parent":0,"menu_order":0,"comment_status":"closed","ping_status":"closed","template":"","meta":{"footnotes":""},"_links":{"self":[{"href":"https:\/\/tvz.mr\/fr\/wp-json\/wp\/v2\/pages\/421"}],"collection":[{"href":"https:\/\/tvz.mr\/fr\/wp-json\/wp\/v2\/pages"}],"about":[{"href":"https:\/\/tvz.mr\/fr\/wp-json\/wp\/v2\/types\/page"}],"author":[{"embeddable":true,"href":"https:\/\/tvz.mr\/fr\/wp-json\/wp\/v2\/users\/1"}],"replies":[{"embeddable":true,"href":"https:\/\/tvz.mr\/fr\/wp-json\/wp\/v2\/comments?post=421"}],"version-history":[{"count":2,"href":"https:\/\/tvz.mr\/fr\/wp-json\/wp\/v2\/pages\/421\/revisions"}],"predecessor-version":[{"id":427,"href":"https:\/\/tvz.mr\/fr\/wp-json\/wp\/v2\/pages\/421\/revisions\/427"}],"wp:attachment":[{"href":"https:\/\/tvz.mr\/fr\/wp-json\/wp\/v2\/media?parent=421"}],"curies":[{"name":"wp","href":"https:\/\/api.w.org\/{rel}","templated":true}]}}